{"id":2,"date":"2019-04-07T19:00:33","date_gmt":"2019-04-07T19:00:33","guid":{"rendered":"http:\/\/diezeuros.org\/wordpress\/?page_id=2"},"modified":"2025-03-01T16:37:21","modified_gmt":"2025-03-01T15:37:21","slug":"sample-page","status":"publish","type":"page","link":"https:\/\/diezeuros.org\/wordpress\/","title":{"rendered":"Bienvenido a la ONG DiezEuros.org"},"content":{"rendered":"<h2><strong>\u00bfQuienes somos?<\/strong><\/h2>\r\n<p>Somos socios solidarios que vivimos por todo el mundo.<br \/>Ponemos cada uno diez euros por mes.<br \/>Encargamos compras por Internet a Supermercados Disco.<br \/>Disco lleva los productos a entidades de bien p\u00fablico argentinas.<\/p>\r\n<h2><strong>Para saber m\u00e1s&#8230;<\/strong><\/h2>\r\n<p>La Asociaci\u00f3n &#8220;diezeuros.org&#8221; (RNA 169015, CIF G83271296) se constituy\u00f3 en Madrid el 10 de febrero de 2002.<br \/>Sus socios fundadores fueron diez, como consta en el <a href=\"http:\/\/www.diezeuros.org\/site\/images\/docs\/acta_es.pdf\" target=\"_blank\" rel=\"noopener noreferrer\">acta fundacional<\/a>.<\/p>\r\n<p>Puede ver e imprimir usted mismo los <a href=\"http:\/\/www.diezeuros.org\/site\/images\/docs\/estatutos_es.pdf\" target=\"_blank\" rel=\"noopener noreferrer\">estatutos<\/a> acordados en la primera Asamblea General de &#8220;diezeuros.org&#8221;, nuestro <a href=\"http:\/\/www.diezeuros.org\/site\/images\/docs\/folleto_es.pdf\" target=\"_blank\" rel=\"noopener noreferrer\">folleto institucional<\/a> y el <a href=\"http:\/\/www.diezeuros.org\/site\/images\/docs\/formulario_es.pdf\" target=\"_blank\" rel=\"noopener noreferrer\">formulario <\/a>de inscripci\u00f3n para asociarse.<\/p>\r\n<p>Cont\u00e1ctenos a <a href=\"mailto:secretario@diezeuros.org\">secretario@diezeuros.org<\/a><\/p>\r\n<h2><strong>\u00bfA qui\u00e9nes ayudamos?<\/strong><\/h2>\r\n<p>Ayudamos a comedores y hogares infantiles.<br \/>Actualmente ayudamos a m\u00e1s de 25 Entidades de bien p\u00fablico, alcanzando aproximadamente a 5.000 ni\u00f1os.<br \/>Importante: Tu aporte ayudar\u00e1 a que podamos sumar a otras entidades.<\/p>\r\n<h2><strong>\u00bfC\u00f3mo ayudamos?<\/strong><\/h2>\r\n<p>Lo que hacemos es muy simple: canalizamos dicha ayuda a trav\u00e9s de supermercados en Argentina que aceptan la compra on-line y el pago con VISA internacional y que realizan las entregas en dichos comedores.<\/p>\r\n<h2><strong>\u00bfC\u00f3mo se utiliza el dinero?<\/strong><\/h2>\r\n<p>De nuestra cuenta solidaria s\u00f3lo se extrae dinero para pagar una vez por mes, con nuestra tarjeta de cr\u00e9dito VISA, los pedidos que hacemos en Disco.<br \/>La tarjeta no se utiliza para otra cosa. No tenemos gastos de administraci\u00f3n (salvo los que cobran el banco o la tarjeta). Todo el dinero llega a los comedores directamente en forma de productos.<\/p>\r\n","protected":false},"excerpt":{"rendered":"<p>\u00bfQuienes somos? Somos socios solidarios que vivimos por todo el mundo.Ponemos cada uno diez euros por mes.Encargamos compras por Internet a Supermercados Disco.Disco lleva los productos a entidades de bien p\u00fablico argentinas. Para saber m\u00e1s&#8230; La Asociaci\u00f3n &#8220;diezeuros.org&#8221; (RNA 169015, CIF G83271296) se constituy\u00f3 en Madrid el 10 de febrero de 2002.Sus socios fundadores fueron diez, como consta en el acta fundacional. Puede ver e imprimir usted mismo los estatutos acordados en la primera Asamblea General de &#8220;diezeuros.org&#8221;, nuestro folleto institucional y el formulario de inscripci\u00f3n para asociarse. Cont\u00e1ctenos a secretario@diezeuros.org \u00bfA qui\u00e9nes ayudamos? Ayudamos a comedores y hogares infantiles.Actualmente ayudamos a m\u00e1s de 25 Entidades de bien p\u00fablico, alcanzando aproximadamente a 5.000 ni\u00f1os.Importante: Tu aporte ayudar\u00e1 a que podamos sumar a otras entidades. \u00bfC\u00f3mo ayudamos? Lo que hacemos es muy simple: canalizamos dicha ayuda a trav\u00e9s de supermercados en Argentina que aceptan la compra on-line y el pago con&hellip;<\/p>\n<p> <a class=\"more-link\" href=\"https:\/\/diezeuros.org\/wordpress\/\">Read more<\/a><\/p>\n","protected":false},"author":1,"featured_media":0,"parent":0,"menu_order":0,"comment_status":"closed","ping_status":"open","template":"","meta":{"footnotes":""},"class_list":["post-2","page","type-page","status-publish"],"yoast_head":"<!-- This site is optimized with the Yoast SEO plugin v24.5 - https:\/\/yoast.com\/wordpress\/plugins\/seo\/ -->\n<title>Bienvenido a la ONG DiezEuros.org - DiezEuros - ONG<\/title>\n<meta name=\"description\" content=\"Somos socios solidarios que vivimos por todo el mundo.Ponemos cada uno diez euros por mes.Encargamos compras por Internet a Supermercados Disco. Disco lleva los productos a entidades de bien p\u00fablico argentinas.\" \/>\n<meta name=\"robots\" content=\"index, follow, max-snippet:-1, max-image-preview:large, max-video-preview:-1\" \/>\n<link rel=\"canonical\" href=\"https:\/\/diezeuros.org\/wordpress\/\" \/>\n<meta property=\"og:locale\" content=\"en_US\" \/>\n<meta property=\"og:type\" content=\"article\" \/>\n<meta property=\"og:title\" content=\"Bienvenido a la ONG DiezEuros.org - DiezEuros - ONG\" \/>\n<meta property=\"og:description\" content=\"Somos socios solidarios que vivimos por todo el mundo.Ponemos cada uno diez euros por mes.Encargamos compras por Internet a Supermercados Disco. Disco lleva los productos a entidades de bien p\u00fablico argentinas.\" \/>\n<meta property=\"og:url\" content=\"https:\/\/diezeuros.org\/wordpress\/\" \/>\n<meta property=\"og:site_name\" content=\"DiezEuros - ONG\" \/>\n<meta property=\"article:modified_time\" content=\"2025-03-01T15:37:21+00:00\" \/>\n<meta name=\"twitter:card\" content=\"summary_large_image\" \/>\n<meta name=\"twitter:label1\" content=\"Est. reading time\" \/>\n\t<meta name=\"twitter:data1\" content=\"2 minutes\" \/>\n<script type=\"application\/ld+json\" class=\"yoast-schema-graph\">{\"@context\":\"https:\/\/schema.org\",\"@graph\":[{\"@type\":\"WebPage\",\"@id\":\"https:\/\/diezeuros.org\/wordpress\/\",\"url\":\"https:\/\/diezeuros.org\/wordpress\/\",\"name\":\"Bienvenido a la ONG DiezEuros.org - DiezEuros - ONG\",\"isPartOf\":{\"@id\":\"https:\/\/diezeuros.org\/wordpress\/#website\"},\"datePublished\":\"2019-04-07T19:00:33+00:00\",\"dateModified\":\"2025-03-01T15:37:21+00:00\",\"description\":\"Somos socios solidarios que vivimos por todo el mundo.Ponemos cada uno diez euros por mes.Encargamos compras por Internet a Supermercados Disco. Disco lleva los productos a entidades de bien p\u00fablico argentinas.\",\"breadcrumb\":{\"@id\":\"https:\/\/diezeuros.org\/wordpress\/#breadcrumb\"},\"inLanguage\":\"en-US\",\"potentialAction\":[{\"@type\":\"ReadAction\",\"target\":[\"https:\/\/diezeuros.org\/wordpress\/\"]}]},{\"@type\":\"BreadcrumbList\",\"@id\":\"https:\/\/diezeuros.org\/wordpress\/#breadcrumb\",\"itemListElement\":[{\"@type\":\"ListItem\",\"position\":1,\"name\":\"Home\",\"item\":\"https:\/\/diezeuros.org\/wordpress\/\"},{\"@type\":\"ListItem\",\"position\":2,\"name\":\"Bienvenido a la ONG DiezEuros.org\"}]},{\"@type\":\"WebSite\",\"@id\":\"https:\/\/diezeuros.org\/wordpress\/#website\",\"url\":\"https:\/\/diezeuros.org\/wordpress\/\",\"name\":\"DiezEuros - ONG\",\"description\":\"Ayudamos a comedores y hogares infantiles\",\"publisher\":{\"@id\":\"https:\/\/diezeuros.org\/wordpress\/#organization\"},\"potentialAction\":[{\"@type\":\"SearchAction\",\"target\":{\"@type\":\"EntryPoint\",\"urlTemplate\":\"https:\/\/diezeuros.org\/wordpress\/?s={search_term_string}\"},\"query-input\":{\"@type\":\"PropertyValueSpecification\",\"valueRequired\":true,\"valueName\":\"search_term_string\"}}],\"inLanguage\":\"en-US\"},{\"@type\":\"Organization\",\"@id\":\"https:\/\/diezeuros.org\/wordpress\/#organization\",\"name\":\"DiezEuros - ONG\",\"url\":\"https:\/\/diezeuros.org\/wordpress\/\",\"logo\":{\"@type\":\"ImageObject\",\"inLanguage\":\"en-US\",\"@id\":\"https:\/\/diezeuros.org\/wordpress\/#\/schema\/logo\/image\/\",\"url\":\"https:\/\/diezeuros.org\/wordpress\/wp-content\/uploads\/2019\/05\/diezeuros_logo.png\",\"contentUrl\":\"https:\/\/diezeuros.org\/wordpress\/wp-content\/uploads\/2019\/05\/diezeuros_logo.png\",\"width\":151,\"height\":176,\"caption\":\"DiezEuros - ONG\"},\"image\":{\"@id\":\"https:\/\/diezeuros.org\/wordpress\/#\/schema\/logo\/image\/\"}}]}<\/script>\n<!-- \/ Yoast SEO plugin. -->","yoast_head_json":{"title":"Bienvenido a la ONG DiezEuros.org - DiezEuros - ONG","description":"Somos socios solidarios que vivimos por todo el mundo.Ponemos cada uno diez euros por mes.Encargamos compras por Internet a Supermercados Disco. Disco lleva los productos a entidades de bien p\u00fablico argentinas.","robots":{"index":"index","follow":"follow","max-snippet":"max-snippet:-1","max-image-preview":"max-image-preview:large","max-video-preview":"max-video-preview:-1"},"canonical":"https:\/\/diezeuros.org\/wordpress\/","og_locale":"en_US","og_type":"article","og_title":"Bienvenido a la ONG DiezEuros.org - DiezEuros - ONG","og_description":"Somos socios solidarios que vivimos por todo el mundo.Ponemos cada uno diez euros por mes.Encargamos compras por Internet a Supermercados Disco. Disco lleva los productos a entidades de bien p\u00fablico argentinas.","og_url":"https:\/\/diezeuros.org\/wordpress\/","og_site_name":"DiezEuros - ONG","article_modified_time":"2025-03-01T15:37:21+00:00","twitter_card":"summary_large_image","twitter_misc":{"Est. reading time":"2 minutes"},"schema":{"@context":"https:\/\/schema.org","@graph":[{"@type":"WebPage","@id":"https:\/\/diezeuros.org\/wordpress\/","url":"https:\/\/diezeuros.org\/wordpress\/","name":"Bienvenido a la ONG DiezEuros.org - DiezEuros - ONG","isPartOf":{"@id":"https:\/\/diezeuros.org\/wordpress\/#website"},"datePublished":"2019-04-07T19:00:33+00:00","dateModified":"2025-03-01T15:37:21+00:00","description":"Somos socios solidarios que vivimos por todo el mundo.Ponemos cada uno diez euros por mes.Encargamos compras por Internet a Supermercados Disco. Disco lleva los productos a entidades de bien p\u00fablico argentinas.","breadcrumb":{"@id":"https:\/\/diezeuros.org\/wordpress\/#breadcrumb"},"inLanguage":"en-US","potentialAction":[{"@type":"ReadAction","target":["https:\/\/diezeuros.org\/wordpress\/"]}]},{"@type":"BreadcrumbList","@id":"https:\/\/diezeuros.org\/wordpress\/#breadcrumb","itemListElement":[{"@type":"ListItem","position":1,"name":"Home","item":"https:\/\/diezeuros.org\/wordpress\/"},{"@type":"ListItem","position":2,"name":"Bienvenido a la ONG DiezEuros.org"}]},{"@type":"WebSite","@id":"https:\/\/diezeuros.org\/wordpress\/#website","url":"https:\/\/diezeuros.org\/wordpress\/","name":"DiezEuros - ONG","description":"Ayudamos a comedores y hogares infantiles","publisher":{"@id":"https:\/\/diezeuros.org\/wordpress\/#organization"},"potentialAction":[{"@type":"SearchAction","target":{"@type":"EntryPoint","urlTemplate":"https:\/\/diezeuros.org\/wordpress\/?s={search_term_string}"},"query-input":{"@type":"PropertyValueSpecification","valueRequired":true,"valueName":"search_term_string"}}],"inLanguage":"en-US"},{"@type":"Organization","@id":"https:\/\/diezeuros.org\/wordpress\/#organization","name":"DiezEuros - ONG","url":"https:\/\/diezeuros.org\/wordpress\/","logo":{"@type":"ImageObject","inLanguage":"en-US","@id":"https:\/\/diezeuros.org\/wordpress\/#\/schema\/logo\/image\/","url":"https:\/\/diezeuros.org\/wordpress\/wp-content\/uploads\/2019\/05\/diezeuros_logo.png","contentUrl":"https:\/\/diezeuros.org\/wordpress\/wp-content\/uploads\/2019\/05\/diezeuros_logo.png","width":151,"height":176,"caption":"DiezEuros - ONG"},"image":{"@id":"https:\/\/diezeuros.org\/wordpress\/#\/schema\/logo\/image\/"}}]}},"_links":{"self":[{"href":"https:\/\/diezeuros.org\/wordpress\/wp-json\/wp\/v2\/pages\/2","targetHints":{"allow":["GET"]}}],"collection":[{"href":"https:\/\/diezeuros.org\/wordpress\/wp-json\/wp\/v2\/pages"}],"about":[{"href":"https:\/\/diezeuros.org\/wordpress\/wp-json\/wp\/v2\/types\/page"}],"author":[{"embeddable":true,"href":"https:\/\/diezeuros.org\/wordpress\/wp-json\/wp\/v2\/users\/1"}],"replies":[{"embeddable":true,"href":"https:\/\/diezeuros.org\/wordpress\/wp-json\/wp\/v2\/comments?post=2"}],"version-history":[{"count":3,"href":"https:\/\/diezeuros.org\/wordpress\/wp-json\/wp\/v2\/pages\/2\/revisions"}],"predecessor-version":[{"id":77,"href":"https:\/\/diezeuros.org\/wordpress\/wp-json\/wp\/v2\/pages\/2\/revisions\/77"}],"wp:attachment":[{"href":"https:\/\/diezeuros.org\/wordpress\/wp-json\/wp\/v2\/media?parent=2"}],"curies":[{"name":"wp","href":"https:\/\/api.w.org\/{rel}","templated":true}]}}